{"id":8823,"date":"2024-11-28T09:42:37","date_gmt":"2024-11-28T09:42:37","guid":{"rendered":"https:\/\/www.clinicadentariadealcacer.com\/privacy-policy\/"},"modified":"2025-03-25T18:38:47","modified_gmt":"2025-03-25T18:38:47","slug":"privacy-policy","status":"publish","type":"page","link":"https:\/\/www.clinicadentariadealcacer.com\/en\/privacy-policy\/","title":{"rendered":"Privacy policy"},"content":{"rendered":"\t\t<div data-elementor-type=\"wp-page\" data-elementor-id=\"8823\" class=\"elementor elementor-8823 elementor-3\">\n\t\t\t\t<div class=\"elementor-element elementor-element-683f8f5d e-flex e-con-boxed e-con e-parent\" data-id=\"683f8f5d\" data-element_type=\"container\" data-e-type=\"container\">\n\t\t\t\t\t<div class=\"e-con-inner\">\n\t\t\t\t<div class=\"elementor-element elementor-element-4ea73944 elementor-widget elementor-widget-text-editor\" data-id=\"4ea73944\" data-element_type=\"widget\" data-e-type=\"widget\" data-settings=\"{&quot;ekit_we_effect_on&quot;:&quot;none&quot;}\" data-widget_type=\"text-editor.default\">\n\t\t\t\t<div class=\"elementor-widget-container\">\n\t\t\t\t\t\t\t\t\t\n<p>Your privacy is very important to us and we are committed to protecting it.<\/p>\n<p><strong>What personal data is collected, how it is collected and its purpose<\/strong><\/p>\n<p><strong>Forms<br><\/strong>The data collected via the contact form on our website is intended solely to enable us to contact those who have filled it in and expressed an interest in our products and services.<\/p>\n<p>This data is received by us by email and will not be used for any purpose other than that of contact, will not be passed on to third parties and will not be stored in a database. The email received will be deleted once contact has been made with the person who filled in the form or, if this is not possible, within a maximum of 6 months. <\/p>\n<p>As our company is responsible for processing this data, at any time the data subject can request that it be changed or deleted by contacting us.<\/p>\n<p><strong>Information collected by<\/strong> third parties <strong>&#8211; Google Analytics<br><\/strong>In order to statistically measure accesses to our website, we use Google&#8217;s Analytics service.<br>For this analysis, Google may collect the user&#8217;s User ID, demographic data and information related to Remarketing.<\/p>\n<p><strong>Cookies<br><\/strong>Like most websites, in order for our website to function properly, we occasionally install small files on your computer or mobile device called cookies or cookies.<\/p>\n<p>What are cookies?<br>A cookie is a small text file that a website installs on your computer or mobile device when you visit it. These files allow the website to &#8220;remember&#8221; your actions and preferences for a certain period of time, such as your username, the language you choose, the size of the characters and other display settings. This is why when you scroll through the pages of a website or return to a website you have already visited, you do not, in principle, have to indicate your preferences again when you return to a website.  <\/p>\n<p>How do we use cookies?<br>The use of cookies allows us to:<br>1. Identify the IP address of visitors and, with this information, personalize their preferences, making their experience on the website easier.<br>2. Account for accesses to the website and statistically analyze them.<br>3. Identify whether the user has already viewed certain content and not shown it again, such as whether or not they have accepted this same cookie policy.<\/p>\n<p>Information related to cookies is not used to identify you personally.<br>Accepting cookies is not strictly necessary for the website to function but will provide a better user experience.<\/p>\n<p>How to control cookies<br>You can control and\/or delete the cookies you want. For more information, see aboutcookies.org. You can delete all cookies already installed on your computer or mobile device or activate an option available in most browser programs that prevents their installation. However, if you do so, you may have to manually set some preferences every time you visit a website and you risk disabling certain services and features.   <\/p>\t\t\t\t\t\t\t\t<\/div>\n\t\t\t\t<\/div>\n\t\t\t\t\t<\/div>\n\t\t\t\t<\/div>\n\t\t\t\t<\/div>\n\t\t","protected":false},"excerpt":{"rendered":"<p>Your privacy is very important to us and we are committed to protecting it. What [&hellip;]<\/p>\n","protected":false},"author":1,"featured_media":0,"parent":0,"menu_order":0,"comment_status":"closed","ping_status":"open","template":"","meta":{"inline_featured_image":false,"footnotes":""},"class_list":["post-8823","page","type-page","status-publish","hentry"],"yoast_head":"<!-- This site is optimized with the Yoast SEO plugin v27.4 - https:\/\/yoast.com\/product\/yoast-seo-wordpress\/ -->\n<title>Privacy policy - Cl\u00ednica dent\u00e1ria Alc\u00e1cer do Sal<\/title>\n<meta name=\"robots\" content=\"index, follow, max-snippet:-1, max-image-preview:large, max-video-preview:-1\" \/>\n<link rel=\"canonical\" href=\"https:\/\/www.clinicadentariadealcacer.com\/en\/privacy-policy\/\" \/>\n<meta property=\"og:locale\" content=\"en_US\" \/>\n<meta property=\"og:type\" content=\"article\" \/>\n<meta property=\"og:title\" content=\"Privacy policy - Cl\u00ednica dent\u00e1ria Alc\u00e1cer do Sal\" \/>\n<meta property=\"og:description\" content=\"Your privacy is very important to us and we are committed to protecting it. What [&hellip;]\" \/>\n<meta property=\"og:url\" content=\"https:\/\/www.clinicadentariadealcacer.com\/en\/privacy-policy\/\" \/>\n<meta property=\"og:site_name\" content=\"Cl\u00ednica dent\u00e1ria Alc\u00e1cer do Sal\" \/>\n<meta property=\"article:modified_time\" content=\"2025-03-25T18:38:47+00:00\" \/>\n<meta name=\"twitter:card\" content=\"summary_large_image\" \/>\n<meta name=\"twitter:label1\" content=\"Est. reading time\" \/>\n\t<meta name=\"twitter:data1\" content=\"2 minutes\" \/>\n<script type=\"application\/ld+json\" class=\"yoast-schema-graph\">{\"@context\":\"https:\\\/\\\/schema.org\",\"@graph\":[{\"@type\":\"WebPage\",\"@id\":\"https:\\\/\\\/www.clinicadentariadealcacer.com\\\/en\\\/privacy-policy\\\/\",\"url\":\"https:\\\/\\\/www.clinicadentariadealcacer.com\\\/en\\\/privacy-policy\\\/\",\"name\":\"Privacy policy - Cl\u00ednica dent\u00e1ria Alc\u00e1cer do Sal\",\"isPartOf\":{\"@id\":\"https:\\\/\\\/maquetes.yomocprojects.com\\\/clinica_alcacer\\\/#website\"},\"datePublished\":\"2024-11-28T09:42:37+00:00\",\"dateModified\":\"2025-03-25T18:38:47+00:00\",\"breadcrumb\":{\"@id\":\"https:\\\/\\\/www.clinicadentariadealcacer.com\\\/en\\\/privacy-policy\\\/#breadcrumb\"},\"inLanguage\":\"en-US\",\"potentialAction\":[{\"@type\":\"ReadAction\",\"target\":[\"https:\\\/\\\/www.clinicadentariadealcacer.com\\\/en\\\/privacy-policy\\\/\"]}]},{\"@type\":\"BreadcrumbList\",\"@id\":\"https:\\\/\\\/www.clinicadentariadealcacer.com\\\/en\\\/privacy-policy\\\/#breadcrumb\",\"itemListElement\":[{\"@type\":\"ListItem\",\"position\":1,\"name\":\"In\u00edcio\",\"item\":\"https:\\\/\\\/www.clinicadentariadealcacer.com\\\/en\\\/\"},{\"@type\":\"ListItem\",\"position\":2,\"name\":\"Privacy policy\"}]},{\"@type\":\"WebSite\",\"@id\":\"https:\\\/\\\/maquetes.yomocprojects.com\\\/clinica_alcacer\\\/#website\",\"url\":\"https:\\\/\\\/maquetes.yomocprojects.com\\\/clinica_alcacer\\\/\",\"name\":\"Cl\u00ednica dent\u00e1ria Alc\u00e1cer do Sal\",\"description\":\"\",\"publisher\":{\"@id\":\"https:\\\/\\\/maquetes.yomocprojects.com\\\/clinica_alcacer\\\/#organization\"},\"potentialAction\":[{\"@type\":\"SearchAction\",\"target\":{\"@type\":\"EntryPoint\",\"urlTemplate\":\"https:\\\/\\\/maquetes.yomocprojects.com\\\/clinica_alcacer\\\/?s={search_term_string}\"},\"query-input\":{\"@type\":\"PropertyValueSpecification\",\"valueRequired\":true,\"valueName\":\"search_term_string\"}}],\"inLanguage\":\"en-US\"},{\"@type\":\"Organization\",\"@id\":\"https:\\\/\\\/maquetes.yomocprojects.com\\\/clinica_alcacer\\\/#organization\",\"name\":\"Cl\u00ednica dent\u00e1ria Alc\u00e1cer do Sal\",\"url\":\"https:\\\/\\\/maquetes.yomocprojects.com\\\/clinica_alcacer\\\/\",\"logo\":{\"@type\":\"ImageObject\",\"inLanguage\":\"en-US\",\"@id\":\"https:\\\/\\\/maquetes.yomocprojects.com\\\/clinica_alcacer\\\/#\\\/schema\\\/logo\\\/image\\\/\",\"url\":\"https:\\\/\\\/www.clinicadentariadealcacer.com\\\/wp-content\\\/uploads\\\/2025\\\/01\\\/clinica_d_al_logo_small.png\",\"contentUrl\":\"https:\\\/\\\/www.clinicadentariadealcacer.com\\\/wp-content\\\/uploads\\\/2025\\\/01\\\/clinica_d_al_logo_small.png\",\"width\":81,\"height\":80,\"caption\":\"Cl\u00ednica dent\u00e1ria Alc\u00e1cer do Sal\"},\"image\":{\"@id\":\"https:\\\/\\\/maquetes.yomocprojects.com\\\/clinica_alcacer\\\/#\\\/schema\\\/logo\\\/image\\\/\"}}]}<\/script>\n<!-- \/ Yoast SEO plugin. -->","yoast_head_json":{"title":"Privacy policy - Cl\u00ednica dent\u00e1ria Alc\u00e1cer do Sal","robots":{"index":"index","follow":"follow","max-snippet":"max-snippet:-1","max-image-preview":"max-image-preview:large","max-video-preview":"max-video-preview:-1"},"canonical":"https:\/\/www.clinicadentariadealcacer.com\/en\/privacy-policy\/","og_locale":"en_US","og_type":"article","og_title":"Privacy policy - Cl\u00ednica dent\u00e1ria Alc\u00e1cer do Sal","og_description":"Your privacy is very important to us and we are committed to protecting it. What [&hellip;]","og_url":"https:\/\/www.clinicadentariadealcacer.com\/en\/privacy-policy\/","og_site_name":"Cl\u00ednica dent\u00e1ria Alc\u00e1cer do Sal","article_modified_time":"2025-03-25T18:38:47+00:00","twitter_card":"summary_large_image","twitter_misc":{"Est. reading time":"2 minutes"},"schema":{"@context":"https:\/\/schema.org","@graph":[{"@type":"WebPage","@id":"https:\/\/www.clinicadentariadealcacer.com\/en\/privacy-policy\/","url":"https:\/\/www.clinicadentariadealcacer.com\/en\/privacy-policy\/","name":"Privacy policy - Cl\u00ednica dent\u00e1ria Alc\u00e1cer do Sal","isPartOf":{"@id":"https:\/\/maquetes.yomocprojects.com\/clinica_alcacer\/#website"},"datePublished":"2024-11-28T09:42:37+00:00","dateModified":"2025-03-25T18:38:47+00:00","breadcrumb":{"@id":"https:\/\/www.clinicadentariadealcacer.com\/en\/privacy-policy\/#breadcrumb"},"inLanguage":"en-US","potentialAction":[{"@type":"ReadAction","target":["https:\/\/www.clinicadentariadealcacer.com\/en\/privacy-policy\/"]}]},{"@type":"BreadcrumbList","@id":"https:\/\/www.clinicadentariadealcacer.com\/en\/privacy-policy\/#breadcrumb","itemListElement":[{"@type":"ListItem","position":1,"name":"In\u00edcio","item":"https:\/\/www.clinicadentariadealcacer.com\/en\/"},{"@type":"ListItem","position":2,"name":"Privacy policy"}]},{"@type":"WebSite","@id":"https:\/\/maquetes.yomocprojects.com\/clinica_alcacer\/#website","url":"https:\/\/maquetes.yomocprojects.com\/clinica_alcacer\/","name":"Cl\u00ednica dent\u00e1ria Alc\u00e1cer do Sal","description":"","publisher":{"@id":"https:\/\/maquetes.yomocprojects.com\/clinica_alcacer\/#organization"},"potentialAction":[{"@type":"SearchAction","target":{"@type":"EntryPoint","urlTemplate":"https:\/\/maquetes.yomocprojects.com\/clinica_alcacer\/?s={search_term_string}"},"query-input":{"@type":"PropertyValueSpecification","valueRequired":true,"valueName":"search_term_string"}}],"inLanguage":"en-US"},{"@type":"Organization","@id":"https:\/\/maquetes.yomocprojects.com\/clinica_alcacer\/#organization","name":"Cl\u00ednica dent\u00e1ria Alc\u00e1cer do Sal","url":"https:\/\/maquetes.yomocprojects.com\/clinica_alcacer\/","logo":{"@type":"ImageObject","inLanguage":"en-US","@id":"https:\/\/maquetes.yomocprojects.com\/clinica_alcacer\/#\/schema\/logo\/image\/","url":"https:\/\/www.clinicadentariadealcacer.com\/wp-content\/uploads\/2025\/01\/clinica_d_al_logo_small.png","contentUrl":"https:\/\/www.clinicadentariadealcacer.com\/wp-content\/uploads\/2025\/01\/clinica_d_al_logo_small.png","width":81,"height":80,"caption":"Cl\u00ednica dent\u00e1ria Alc\u00e1cer do Sal"},"image":{"@id":"https:\/\/maquetes.yomocprojects.com\/clinica_alcacer\/#\/schema\/logo\/image\/"}}]}},"_links":{"self":[{"href":"https:\/\/www.clinicadentariadealcacer.com\/en\/wp-json\/wp\/v2\/pages\/8823","targetHints":{"allow":["GET"]}}],"collection":[{"href":"https:\/\/www.clinicadentariadealcacer.com\/en\/wp-json\/wp\/v2\/pages"}],"about":[{"href":"https:\/\/www.clinicadentariadealcacer.com\/en\/wp-json\/wp\/v2\/types\/page"}],"author":[{"embeddable":true,"href":"https:\/\/www.clinicadentariadealcacer.com\/en\/wp-json\/wp\/v2\/users\/1"}],"replies":[{"embeddable":true,"href":"https:\/\/www.clinicadentariadealcacer.com\/en\/wp-json\/wp\/v2\/comments?post=8823"}],"version-history":[{"count":1,"href":"https:\/\/www.clinicadentariadealcacer.com\/en\/wp-json\/wp\/v2\/pages\/8823\/revisions"}],"predecessor-version":[{"id":8824,"href":"https:\/\/www.clinicadentariadealcacer.com\/en\/wp-json\/wp\/v2\/pages\/8823\/revisions\/8824"}],"wp:attachment":[{"href":"https:\/\/www.clinicadentariadealcacer.com\/en\/wp-json\/wp\/v2\/media?parent=8823"}],"curies":[{"name":"wp","href":"https:\/\/api.w.org\/{rel}","templated":true}]}}